{"id":21,"date":"2019-07-06T14:41:50","date_gmt":"2019-07-06T14:41:50","guid":{"rendered":"http:\/\/www.fidem.fi\/?page_id=21"},"modified":"2024-12-27T13:05:06","modified_gmt":"2024-12-27T13:05:06","slug":"vuokranantajalle","status":"publish","type":"page","link":"https:\/\/www.fidem.fi\/index.php\/vuokranantajalle\/","title":{"rendered":"Vuokranantajalle"},"content":{"rendered":"\t\t<div data-elementor-type=\"wp-post\" data-elementor-id=\"21\" class=\"elementor elementor-21\" data-elementor-settings=\"[]\">\n\t\t\t\t\t\t<div class=\"elementor-inner\">\n\t\t\t\t\t\t\t<div class=\"elementor-section-wrap\">\n\t\t\t\t\t\t\t<section class=\"elementor-section elementor-top-section elementor-element elementor-element-27a4169 elementor-section-boxed elementor-section-height-default elementor-section-height-default\" data-id=\"27a4169\" data-element_type=\"section\">\n\t\t\t\t\t\t<div class=\"elementor-container elementor-column-gap-default\">\n\t\t\t\t\t\t\t<div class=\"elementor-row\">\n\t\t\t\t\t<div class=\"elementor-column elementor-col-100 elementor-top-column elementor-element elementor-element-02518d8\" data-id=\"02518d8\" data-element_type=\"column\">\n\t\t\t<div class=\"elementor-column-wrap\">\n\t\t\t\t\t\t\t<div class=\"elementor-widget-wrap\">\n\t\t\t\t\t\t\t\t<\/div>\n\t\t\t\t\t<\/div>\n\t\t<\/div>\n\t\t\t\t\t\t\t\t<\/div>\n\t\t\t\t\t<\/div>\n\t\t<\/section>\n\t\t\t\t<section class=\"elementor-section elementor-top-section elementor-element elementor-element-b857751 elementor-section-height-min-height elementor-section-items-stretch elementor-section-boxed elementor-section-height-default\" data-id=\"b857751\" data-element_type=\"section\" data-settings=\"{&quot;background_background&quot;:&quot;classic&quot;,&quot;shape_divider_bottom&quot;:&quot;opacity-fan&quot;}\">\n\t\t\t\t\t\t\t<div class=\"elementor-background-overlay\"><\/div>\n\t\t\t\t\t\t<div class=\"elementor-shape elementor-shape-bottom\" data-negative=\"false\">\n\t\t\t<svg xmlns=\"http:\/\/www.w3.org\/2000\/svg\" viewBox=\"0 0 283.5 19.6\" preserveAspectRatio=\"none\">\n\t<path class=\"elementor-shape-fill\" style=\"opacity:0.33\" d=\"M0 0L0 18.8 141.8 4.1 283.5 18.8 283.5 0z\"\/>\n\t<path class=\"elementor-shape-fill\" style=\"opacity:0.33\" d=\"M0 0L0 12.6 141.8 4 283.5 12.6 283.5 0z\"\/>\n\t<path class=\"elementor-shape-fill\" style=\"opacity:0.33\" d=\"M0 0L0 6.4 141.8 4 283.5 6.4 283.5 0z\"\/>\n\t<path class=\"elementor-shape-fill\" d=\"M0 0L0 1.2 141.8 4 283.5 1.2 283.5 0z\"\/>\n<\/svg>\t\t<\/div>\n\t\t\t\t\t<div class=\"elementor-container elementor-column-gap-default\">\n\t\t\t\t\t\t\t<div class=\"elementor-row\">\n\t\t\t\t\t<div class=\"elementor-column elementor-col-100 elementor-top-column elementor-element elementor-element-bbfd8e8\" data-id=\"bbfd8e8\" data-element_type=\"column\">\n\t\t\t<div class=\"elementor-column-wrap elementor-element-populated\">\n\t\t\t\t\t\t\t<div class=\"elementor-widget-wrap\">\n\t\t\t\t\t\t<div class=\"elementor-element elementor-element-f6d3a7e elementor-widget elementor-widget-heading\" data-id=\"f6d3a7e\" data-element_type=\"widget\" data-widget_type=\"heading.default\">\n\t\t\t\t<div class=\"elementor-widget-container\">\n\t\t\t<h2 class=\"elementor-heading-title elementor-size-default\">FIDEM OY<\/h2>\t\t<\/div>\n\t\t\t\t<\/div>\n\t\t\t\t<div class=\"elementor-element elementor-element-6cd4904 elementor-widget elementor-widget-heading\" data-id=\"6cd4904\" data-element_type=\"widget\" data-widget_type=\"heading.default\">\n\t\t\t\t<div class=\"elementor-widget-container\">\n\t\t\t<h2 class=\"elementor-heading-title elementor-size-default\">Vuokranantajalle<\/h2>\t\t<\/div>\n\t\t\t\t<\/div>\n\t\t\t\t<div class=\"elementor-element elementor-element-f1ab46d elementor-align-center elementor-widget elementor-widget-button\" data-id=\"f1ab46d\" data-element_type=\"widget\" data-widget_type=\"button.default\">\n\t\t\t\t<div class=\"elementor-widget-container\">\n\t\t\t\t\t<div class=\"elementor-button-wrapper\">\n\t\t\t<a href=\"http:\/\/www.fidem.fi\/index.php\/yhteystiedot\" class=\"elementor-button-link elementor-button elementor-size-sm\" role=\"button\">\n\t\t\t\t\t\t<span class=\"elementor-button-content-wrapper\">\n\t\t\t\t\t\t<span class=\"elementor-button-text\">OTA YHTEYTT\u00c4<\/span>\n\t\t<\/span>\n\t\t\t\t\t<\/a>\n\t\t<\/div>\n\t\t\t\t<\/div>\n\t\t\t\t<\/div>\n\t\t\t\t\t\t<\/div>\n\t\t\t\t\t<\/div>\n\t\t<\/div>\n\t\t\t\t\t\t\t\t<\/div>\n\t\t\t\t\t<\/div>\n\t\t<\/section>\n\t\t\t\t<section class=\"elementor-section elementor-top-section elementor-element elementor-element-2d344fa6 elementor-section-content-middle elementor-reverse-mobile elementor-section-boxed elementor-section-height-default elementor-section-height-default\" data-id=\"2d344fa6\" data-element_type=\"section\" data-settings=\"{&quot;background_background&quot;:&quot;classic&quot;}\">\n\t\t\t\t\t\t<div class=\"elementor-container elementor-column-gap-default\">\n\t\t\t\t\t\t\t<div class=\"elementor-row\">\n\t\t\t\t\t<div class=\"elementor-column elementor-col-100 elementor-top-column elementor-element elementor-element-54efacc1\" data-id=\"54efacc1\" data-element_type=\"column\">\n\t\t\t<div class=\"elementor-column-wrap elementor-element-populated\">\n\t\t\t\t\t\t\t<div class=\"elementor-widget-wrap\">\n\t\t\t\t\t\t<div class=\"elementor-element elementor-element-271b5356 elementor-widget elementor-widget-heading\" data-id=\"271b5356\" data-element_type=\"widget\" data-widget_type=\"heading.default\">\n\t\t\t\t<div class=\"elementor-widget-container\">\n\t\t\t<h3 class=\"elementor-heading-title elementor-size-default\">Vuokranantajalle<\/h3>\t\t<\/div>\n\t\t\t\t<\/div>\n\t\t\t\t<div class=\"elementor-element elementor-element-18784459 elementor-widget elementor-widget-text-editor\" data-id=\"18784459\" data-element_type=\"widget\" data-widget_type=\"text-editor.default\">\n\t\t\t\t<div class=\"elementor-widget-container\">\n\t\t\t\t\t<div class=\"elementor-text-editor elementor-clearfix\"><p><span style=\"text-decoration: underline;\"><strong>Vuokraustoimeksianto<\/strong><\/span><\/p><p>\u2022 Tunnemme p\u00e4\u00e4kaupunkiseudun vuokramarkkinat ja hintatason &#8211; tied\u00e4mme kuinka saat asunnostasi parhaan mahdollisen tuoton.<\/p><p>\u2022 Pienen\u00e4 toimistona voimme tarjota henkil\u00f6kohtaista ja yksil\u00f6llist\u00e4 palvelua.<\/p><p>\u2022 Emme tuijota kelloa, joten tavoitat meid\u00e4t my\u00f6s toimistoajan ulkopuolella.<\/p><p>\u2022 Joustamme juuri sinun tarpeidesi mukaan ja kaikesta voidaan sopia!<\/p><p>\u2022 V\u00e4lityspalkkio: 1 kk:n vuokra + ALV (minimi 600 \u20ac)<\/p><p><span style=\"text-decoration: underline;\"><strong>Vuokra-asuntojen hallinnointipalvelu<\/strong><\/span><\/p><p>\u2022 Seuraamme vuokranmaksua ja l\u00e4het\u00e4mme tarvittaessa maksumuistutuksen. Valtakirjalla voimme aloittaa my\u00f6s perint\u00e4toimet.<\/p><p>\u2022 Maksamme yhti\u00f6vastikkeet asiakkaan tililt\u00e4<\/p><p>\u2022 Toimitamme kuukausittain laskelman tuotoista ja kuluista sek\u00e4 yhteenvedon asuntojen tilanteesta ja mahdollisista muutoksista.<\/p><p>\u2022 Arvioimme vuokrankorotustarpeen sek\u00e4 toimitamme korotusilmoitukset asukkaille<\/p><p>\u2022 Teemme vuosittaisen yhteenvedon vuokratuotoista veroilmoitusta varten<\/p><p>\u2022 S\u00e4ilyt\u00e4mme ja arkistoimme kaikki vuokraustoimintaan liittyv\u00e4t asiakirjat ja tositteet.<\/p><p>\u2022 Vastaanotamme tai teemme irtisanomisilmoitukset ja vuokraamme huoneiston uudelleen parhaaseen mahdolliseen hintaan (v\u00e4lityspalkkio laskutetaan erikseen)<\/p><p>\u2022 Tarkistamme vuokralaisen taustat ennen sopimuksen tekemist\u00e4 ja vaadimme aina riitt\u00e4v\u00e4\u00e4 maksukyky\u00e4 tai takausta, moitteettomia luottotietoja ja kahden kuukauden vakuustalletuksen.<\/p><p>\u2022 Vastaanotamme ja s\u00e4ilyt\u00e4mme vakuuspantit ja palautamme ne vuokralaisille asunnon luovutustarkastuksen j\u00e4lkeen.<\/p><p>\u2022 Hoidamme erillist\u00e4 korvausta vastaan my\u00f6s asunnon varustukseen kuuluvien laitteiden tms. korjaukset tai korvaavien laitteiden hankinnat.<\/p><p>\u2022 Suuremmat remontit, toistuvia asunnossa k\u00e4yntej\u00e4 vaativat j\u00e4rjestelyt tms. voidaan toteuttaa erillisen sopimuksen mukaisesti.<\/p><p>Palvelu edellytt\u00e4\u00e4 k\u00e4ytt\u00f6oikeutta asiakkaan vuokranmaksutilille.<\/p><p>Hallinnointipalvelun hinta on 6-8 % asunnon\/asuntojen kuukausivuokrasta (sis. ALV), riippuen asuntojen lukum\u00e4\u00e4r\u00e4st\u00e4, sijainnista ja palvelun sis\u00e4ll\u00f6n laajuudesta. Hallinnointipalkkio veloitetaan kuukausittain suoraan vuokranmaksutililt\u00e4. Erikseen sovittavista lis\u00e4t\u00f6ist\u00e4 veloitamme 95 \u20ac\/tunti (sis. ALV).<\/p><p>Hallinnointipalvelun sis\u00e4lt\u00f6 on aina r\u00e4\u00e4t\u00e4l\u00f6it\u00e4viss\u00e4 asiakkaan tarpeiden mukaan!<\/p><\/div>\n\t\t\t\t<\/div>\n\t\t\t\t<\/div>\n\t\t\t\t<div class=\"elementor-element elementor-element-3f3e7c93 elementor-align-center elementor-mobile-align-center elementor-widget elementor-widget-button\" data-id=\"3f3e7c93\" data-element_type=\"widget\" data-widget_type=\"button.default\">\n\t\t\t\t<div class=\"elementor-widget-container\">\n\t\t\t\t\t<div class=\"elementor-button-wrapper\">\n\t\t\t<a href=\"http:\/\/www.fidem.fi\/index.php\/yhteystiedot\" class=\"elementor-button-link elementor-button elementor-size-sm\" role=\"button\">\n\t\t\t\t\t\t<span class=\"elementor-button-content-wrapper\">\n\t\t\t\t\t\t<span class=\"elementor-button-text\">Ota yhteytt\u00e4<\/span>\n\t\t<\/span>\n\t\t\t\t\t<\/a>\n\t\t<\/div>\n\t\t\t\t<\/div>\n\t\t\t\t<\/div>\n\t\t\t\t<div class=\"elementor-element elementor-element-7be4d18 elementor-align-center elementor-mobile-align-center elementor-widget elementor-widget-button\" data-id=\"7be4d18\" data-element_type=\"widget\" data-widget_type=\"button.default\">\n\t\t\t\t<div class=\"elementor-widget-container\">\n\t\t\t\t\t<div class=\"elementor-button-wrapper\">\n\t\t\t<a href=\"http:\/\/www.fidem.fi\/index.php\/\" class=\"elementor-button-link elementor-button elementor-size-sm\" role=\"button\">\n\t\t\t\t\t\t<span class=\"elementor-button-content-wrapper\">\n\t\t\t\t\t\t<span class=\"elementor-button-text\">Takaisin etusivulle<\/span>\n\t\t<\/span>\n\t\t\t\t\t<\/a>\n\t\t<\/div>\n\t\t\t\t<\/div>\n\t\t\t\t<\/div>\n\t\t\t\t\t\t<\/div>\n\t\t\t\t\t<\/div>\n\t\t<\/div>\n\t\t\t\t\t\t\t\t<\/div>\n\t\t\t\t\t<\/div>\n\t\t<\/section>\n\t\t\t\t\t\t<\/div>\n\t\t\t\t\t\t<\/div>\n\t\t\t\t\t<\/div>\n\t\t","protected":false},"excerpt":{"rendered":"<p>FIDEM OY Vuokranantajalle OTA YHTEYTT\u00c4 Vuokranantajalle Vuokraustoimeksianto \u2022 Tunnemme p\u00e4\u00e4kaupunkiseudun vuokramarkkinat ja hintatason &#8211; tied\u00e4mme kuinka saat asunnostasi parhaan mahdollisen tuoton. \u2022 Pienen\u00e4 toimistona voimme tarjota henkil\u00f6kohtaista ja yksil\u00f6llist\u00e4 palvelua. \u2022 Emme tuijota kelloa, joten tavoitat meid\u00e4t my\u00f6s toimistoajan ulkopuolella. \u2022 Joustamme juuri sinun tarpeidesi mukaan ja kaikesta voidaan sopia! \u2022 V\u00e4lityspalkkio: 1 kk:n vuokra [&hellip;]<\/p>\n","protected":false},"author":1,"featured_media":0,"parent":0,"menu_order":0,"comment_status":"closed","ping_status":"closed","template":"","meta":{"footnotes":""},"class_list":["post-21","page","type-page","status-publish","hentry","entry"],"yoast_head":"<!-- This site is optimized with the Yoast SEO plugin v15.3 - https:\/\/yoast.com\/wordpress\/plugins\/seo\/ -->\n<title>Vuokranantajalle - Fidem Oy<\/title>\n<meta name=\"robots\" content=\"index, follow, max-snippet:-1, max-image-preview:large, max-video-preview:-1\" \/>\n<link rel=\"canonical\" href=\"http:\/\/www.fidem.fi\/index.php\/vuokranantajalle\/\" \/>\n<meta property=\"og:locale\" content=\"en_US\" \/>\n<meta property=\"og:type\" content=\"article\" \/>\n<meta property=\"og:title\" content=\"Vuokranantajalle - Fidem Oy\" \/>\n<meta property=\"og:description\" content=\"FIDEM OY Vuokranantajalle OTA YHTEYTT\u00c4 Vuokranantajalle Vuokraustoimeksianto \u2022 Tunnemme p\u00e4\u00e4kaupunkiseudun vuokramarkkinat ja hintatason &#8211; tied\u00e4mme kuinka saat asunnostasi parhaan mahdollisen tuoton. \u2022 Pienen\u00e4 toimistona voimme tarjota henkil\u00f6kohtaista ja yksil\u00f6llist\u00e4 palvelua. \u2022 Emme tuijota kelloa, joten tavoitat meid\u00e4t my\u00f6s toimistoajan ulkopuolella. \u2022 Joustamme juuri sinun tarpeidesi mukaan ja kaikesta voidaan sopia! \u2022 V\u00e4lityspalkkio: 1 kk:n vuokra [&hellip;]\" \/>\n<meta property=\"og:url\" content=\"http:\/\/www.fidem.fi\/index.php\/vuokranantajalle\/\" \/>\n<meta property=\"og:site_name\" content=\"Fidem Oy\" \/>\n<meta property=\"article:modified_time\" content=\"2024-12-27T13:05:06+00:00\" \/>\n<meta name=\"twitter:card\" content=\"summary_large_image\" \/>\n<meta name=\"twitter:label1\" content=\"Written by\">\n\t<meta name=\"twitter:data1\" content=\"admin9090\">\n\t<meta name=\"twitter:label2\" content=\"Est. reading time\">\n\t<meta name=\"twitter:data2\" content=\"1 minute\">\n<script type=\"application\/ld+json\" class=\"yoast-schema-graph\">{\"@context\":\"https:\/\/schema.org\",\"@graph\":[{\"@type\":\"WebSite\",\"@id\":\"https:\/\/www.fidem.fi\/#website\",\"url\":\"https:\/\/www.fidem.fi\/\",\"name\":\"Fidem Oy\",\"description\":\"Vuokrav\\u00e4lityst\\u00e4 ammattitaidolla!\",\"potentialAction\":[{\"@type\":\"SearchAction\",\"target\":\"https:\/\/www.fidem.fi\/?s={search_term_string}\",\"query-input\":\"required name=search_term_string\"}],\"inLanguage\":\"en-US\"},{\"@type\":\"WebPage\",\"@id\":\"http:\/\/www.fidem.fi\/index.php\/vuokranantajalle\/#webpage\",\"url\":\"http:\/\/www.fidem.fi\/index.php\/vuokranantajalle\/\",\"name\":\"Vuokranantajalle - Fidem Oy\",\"isPartOf\":{\"@id\":\"https:\/\/www.fidem.fi\/#website\"},\"datePublished\":\"2019-07-06T14:41:50+00:00\",\"dateModified\":\"2024-12-27T13:05:06+00:00\",\"inLanguage\":\"en-US\",\"potentialAction\":[{\"@type\":\"ReadAction\",\"target\":[\"http:\/\/www.fidem.fi\/index.php\/vuokranantajalle\/\"]}]}]}<\/script>\n<!-- \/ Yoast SEO plugin. -->","_links":{"self":[{"href":"https:\/\/www.fidem.fi\/index.php\/wp-json\/wp\/v2\/pages\/21","targetHints":{"allow":["GET"]}}],"collection":[{"href":"https:\/\/www.fidem.fi\/index.php\/wp-json\/wp\/v2\/pages"}],"about":[{"href":"https:\/\/www.fidem.fi\/index.php\/wp-json\/wp\/v2\/types\/page"}],"author":[{"embeddable":true,"href":"https:\/\/www.fidem.fi\/index.php\/wp-json\/wp\/v2\/users\/1"}],"replies":[{"embeddable":true,"href":"https:\/\/www.fidem.fi\/index.php\/wp-json\/wp\/v2\/comments?post=21"}],"version-history":[{"count":36,"href":"https:\/\/www.fidem.fi\/index.php\/wp-json\/wp\/v2\/pages\/21\/revisions"}],"predecessor-version":[{"id":379,"href":"https:\/\/www.fidem.fi\/index.php\/wp-json\/wp\/v2\/pages\/21\/revisions\/379"}],"wp:attachment":[{"href":"https:\/\/www.fidem.fi\/index.php\/wp-json\/wp\/v2\/media?parent=21"}],"curies":[{"name":"wp","href":"https:\/\/api.w.org\/{rel}","templated":true}]}}