{"id":17,"date":"2019-07-06T14:40:24","date_gmt":"2019-07-06T14:40:24","guid":{"rendered":"http:\/\/www.fidem.fi\/?page_id=17"},"modified":"2024-12-27T12:58:12","modified_gmt":"2024-12-27T12:58:12","slug":"etusivu","status":"publish","type":"page","link":"https:\/\/www.fidem.fi\/","title":{"rendered":"Etusivu"},"content":{"rendered":"\t\t<div data-elementor-type=\"wp-post\" data-elementor-id=\"17\" class=\"elementor elementor-17\" data-elementor-settings=\"[]\">\n\t\t\t\t\t\t<div class=\"elementor-inner\">\n\t\t\t\t\t\t\t<div class=\"elementor-section-wrap\">\n\t\t\t\t\t\t\t<section class=\"elementor-section elementor-top-section elementor-element elementor-element-7353d0c elementor-section-boxed elementor-section-height-default elementor-section-height-default\" data-id=\"7353d0c\" data-element_type=\"section\" data-settings=\"{&quot;background_background&quot;:&quot;classic&quot;}\">\n\t\t\t\t\t\t<div class=\"elementor-container elementor-column-gap-default\">\n\t\t\t\t\t\t\t<div class=\"elementor-row\">\n\t\t\t\t\t<div class=\"elementor-column elementor-col-100 elementor-top-column elementor-element elementor-element-b960ca6\" data-id=\"b960ca6\" data-element_type=\"column\">\n\t\t\t<div class=\"elementor-column-wrap\">\n\t\t\t\t\t\t\t<div class=\"elementor-widget-wrap\">\n\t\t\t\t\t\t\t\t<\/div>\n\t\t\t\t\t<\/div>\n\t\t<\/div>\n\t\t\t\t\t\t\t\t<\/div>\n\t\t\t\t\t<\/div>\n\t\t<\/section>\n\t\t\t\t<section class=\"elementor-section elementor-top-section elementor-element elementor-element-8dcb849 elementor-section-height-min-height elementor-section-items-stretch elementor-section-boxed elementor-section-height-default\" data-id=\"8dcb849\" data-element_type=\"section\" data-settings=\"{&quot;background_background&quot;:&quot;classic&quot;,&quot;shape_divider_bottom&quot;:&quot;opacity-fan&quot;}\">\n\t\t\t\t\t\t\t<div class=\"elementor-background-overlay\"><\/div>\n\t\t\t\t\t\t<div class=\"elementor-shape elementor-shape-bottom\" data-negative=\"false\">\n\t\t\t<svg xmlns=\"http:\/\/www.w3.org\/2000\/svg\" viewBox=\"0 0 283.5 19.6\" preserveAspectRatio=\"none\">\n\t<path class=\"elementor-shape-fill\" style=\"opacity:0.33\" d=\"M0 0L0 18.8 141.8 4.1 283.5 18.8 283.5 0z\"\/>\n\t<path class=\"elementor-shape-fill\" style=\"opacity:0.33\" d=\"M0 0L0 12.6 141.8 4 283.5 12.6 283.5 0z\"\/>\n\t<path class=\"elementor-shape-fill\" style=\"opacity:0.33\" d=\"M0 0L0 6.4 141.8 4 283.5 6.4 283.5 0z\"\/>\n\t<path class=\"elementor-shape-fill\" d=\"M0 0L0 1.2 141.8 4 283.5 1.2 283.5 0z\"\/>\n<\/svg>\t\t<\/div>\n\t\t\t\t\t<div class=\"elementor-container elementor-column-gap-default\">\n\t\t\t\t\t\t\t<div class=\"elementor-row\">\n\t\t\t\t\t<div class=\"elementor-column elementor-col-100 elementor-top-column elementor-element elementor-element-1154ef3\" data-id=\"1154ef3\" data-element_type=\"column\">\n\t\t\t<div class=\"elementor-column-wrap elementor-element-populated\">\n\t\t\t\t\t\t\t<div class=\"elementor-widget-wrap\">\n\t\t\t\t\t\t<div class=\"elementor-element elementor-element-e30a014 elementor-align-center elementor-widget elementor-widget-button\" data-id=\"e30a014\" data-element_type=\"widget\" data-widget_type=\"button.default\">\n\t\t\t\t<div class=\"elementor-widget-container\">\n\t\t\t\t\t<div class=\"elementor-button-wrapper\">\n\t\t\t<a href=\"#\" class=\"elementor-button-link elementor-button elementor-size-sm\" role=\"button\">\n\t\t\t\t\t\t<span class=\"elementor-button-content-wrapper\">\n\t\t\t\t\t\t<span class=\"elementor-button-text\">FIDEM OY<\/span>\n\t\t<\/span>\n\t\t\t\t\t<\/a>\n\t\t<\/div>\n\t\t\t\t<\/div>\n\t\t\t\t<\/div>\n\t\t\t\t<div class=\"elementor-element elementor-element-c26100d elementor-align-center elementor-widget elementor-widget-button\" data-id=\"c26100d\" data-element_type=\"widget\" data-widget_type=\"button.default\">\n\t\t\t\t<div class=\"elementor-widget-container\">\n\t\t\t\t\t<div class=\"elementor-button-wrapper\">\n\t\t\t<a href=\"http:\/\/www.fidem.fi\/index.php\/yhteystiedot\" class=\"elementor-button-link elementor-button elementor-size-sm\" role=\"button\">\n\t\t\t\t\t\t<span class=\"elementor-button-content-wrapper\">\n\t\t\t\t\t\t<span class=\"elementor-button-text\">OTA YHTEYTT\u00c4<\/span>\n\t\t<\/span>\n\t\t\t\t\t<\/a>\n\t\t<\/div>\n\t\t\t\t<\/div>\n\t\t\t\t<\/div>\n\t\t\t\t\t\t<\/div>\n\t\t\t\t\t<\/div>\n\t\t<\/div>\n\t\t\t\t\t\t\t\t<\/div>\n\t\t\t\t\t<\/div>\n\t\t<\/section>\n\t\t\t\t<section class=\"elementor-section elementor-top-section elementor-element elementor-element-611a5be7 elementor-section-content-middle elementor-section-boxed elementor-section-height-default elementor-section-height-default\" data-id=\"611a5be7\" data-element_type=\"section\" data-settings=\"{&quot;background_background&quot;:&quot;classic&quot;}\">\n\t\t\t\t\t\t\t<div class=\"elementor-background-overlay\"><\/div>\n\t\t\t\t\t\t\t<div class=\"elementor-container elementor-column-gap-default\">\n\t\t\t\t\t\t\t<div class=\"elementor-row\">\n\t\t\t\t\t<div class=\"elementor-column elementor-col-100 elementor-top-column elementor-element elementor-element-2e2b2e37\" data-id=\"2e2b2e37\" data-element_type=\"column\">\n\t\t\t<div class=\"elementor-column-wrap elementor-element-populated\">\n\t\t\t\t\t\t\t<div class=\"elementor-widget-wrap\">\n\t\t\t\t\t\t<div class=\"elementor-element elementor-element-dfccd2a elementor-widget elementor-widget-heading\" data-id=\"dfccd2a\" data-element_type=\"widget\" data-widget_type=\"heading.default\">\n\t\t\t\t<div class=\"elementor-widget-container\">\n\t\t\t<h3 class=\"elementor-heading-title elementor-size-default\">Vuokrav\u00e4lityst\u00e4 P\u00e4\u00e4kaupunkiseudulla<\/h3>\t\t<\/div>\n\t\t\t\t<\/div>\n\t\t\t\t<div class=\"elementor-element elementor-element-66836038 elementor-widget elementor-widget-heading\" data-id=\"66836038\" data-element_type=\"widget\" data-widget_type=\"heading.default\">\n\t\t\t\t<div class=\"elementor-widget-container\">\n\t\t\t<h3 class=\"elementor-heading-title elementor-size-default\">Fidem Oy (LKV) on yksityinen vuokra-asuntojen v\u00e4litykseen erikoistunut toimisto.\n\nTunnemme p\u00e4\u00e4kaupunkiseudun markkinan, ja pienen\u00e4 toimijana palvelemme sek\u00e4 asunnon omistajaa ett\u00e4 kodinetsij\u00e4\u00e4 yksil\u00f6llisesti ja joustavasti.\n\nIlmoitamme kaikki kohteemme Oikotiell\u00e4, ja tarvittaessa saat lis\u00e4tietoja ottamalla meihin yhteytt\u00e4 s\u00e4hk\u00f6postilla.<\/h3>\t\t<\/div>\n\t\t\t\t<\/div>\n\t\t\t\t<div class=\"elementor-element elementor-element-9a79f44 elementor-align-center elementor-widget elementor-widget-button\" data-id=\"9a79f44\" data-element_type=\"widget\" data-widget_type=\"button.default\">\n\t\t\t\t<div class=\"elementor-widget-container\">\n\t\t\t\t\t<div class=\"elementor-button-wrapper\">\n\t\t\t<a href=\"https:\/\/asunnot.oikotie.fi\/yritys\/fidem-oy-13973773\" target=\"_blank\" class=\"elementor-button-link elementor-button elementor-size-sm\" role=\"button\">\n\t\t\t\t\t\t<span class=\"elementor-button-content-wrapper\">\n\t\t\t\t\t\t<span class=\"elementor-button-text\">Tutustu kohteisiin Oikotiell\u00e4<\/span>\n\t\t<\/span>\n\t\t\t\t\t<\/a>\n\t\t<\/div>\n\t\t\t\t<\/div>\n\t\t\t\t<\/div>\n\t\t\t\t\t\t<\/div>\n\t\t\t\t\t<\/div>\n\t\t<\/div>\n\t\t\t\t\t\t\t\t<\/div>\n\t\t\t\t\t<\/div>\n\t\t<\/section>\n\t\t\t\t<section class=\"elementor-section elementor-top-section elementor-element elementor-element-1d92bcc elementor-section-content-middle elementor-reverse-mobile elementor-section-boxed elementor-section-height-default elementor-section-height-default\" data-id=\"1d92bcc\" data-element_type=\"section\" data-settings=\"{&quot;background_background&quot;:&quot;classic&quot;}\">\n\t\t\t\t\t\t<div class=\"elementor-container elementor-column-gap-default\">\n\t\t\t\t\t\t\t<div class=\"elementor-row\">\n\t\t\t\t\t<div class=\"elementor-column elementor-col-50 elementor-top-column elementor-element elementor-element-bc1a1e0\" data-id=\"bc1a1e0\" data-element_type=\"column\">\n\t\t\t<div class=\"elementor-column-wrap elementor-element-populated\">\n\t\t\t\t\t\t\t<div class=\"elementor-widget-wrap\">\n\t\t\t\t\t\t<div class=\"elementor-element elementor-element-ec27fb0 elementor-widget elementor-widget-image\" data-id=\"ec27fb0\" data-element_type=\"widget\" data-widget_type=\"image.default\">\n\t\t\t\t<div class=\"elementor-widget-container\">\n\t\t\t\t\t<div class=\"elementor-image\">\n\t\t\t\t\t\t\t\t\t\t<img loading=\"lazy\" decoding=\"async\" width=\"1280\" height=\"853\" src=\"https:\/\/www.fidem.fi\/wp-content\/uploads\/2019\/07\/avaimet.jpg\" class=\"attachment-full size-full\" alt=\"\" srcset=\"https:\/\/www.fidem.fi\/wp-content\/uploads\/2019\/07\/avaimet.jpg 1280w, https:\/\/www.fidem.fi\/wp-content\/uploads\/2019\/07\/avaimet-300x200.jpg 300w, https:\/\/www.fidem.fi\/wp-content\/uploads\/2019\/07\/avaimet-768x512.jpg 768w, https:\/\/www.fidem.fi\/wp-content\/uploads\/2019\/07\/avaimet-1024x682.jpg 1024w\" sizes=\"auto, (max-width: 1280px) 100vw, 1280px\" \/>\t\t\t\t\t\t\t\t\t\t\t<\/div>\n\t\t\t\t<\/div>\n\t\t\t\t<\/div>\n\t\t\t\t\t\t<\/div>\n\t\t\t\t\t<\/div>\n\t\t<\/div>\n\t\t\t\t<div class=\"elementor-column elementor-col-50 elementor-top-column elementor-element elementor-element-dd6ea0c\" data-id=\"dd6ea0c\" data-element_type=\"column\">\n\t\t\t<div class=\"elementor-column-wrap elementor-element-populated\">\n\t\t\t\t\t\t\t<div class=\"elementor-widget-wrap\">\n\t\t\t\t\t\t<div class=\"elementor-element elementor-element-47a7c702 elementor-widget elementor-widget-heading\" data-id=\"47a7c702\" data-element_type=\"widget\" data-widget_type=\"heading.default\">\n\t\t\t\t<div class=\"elementor-widget-container\">\n\t\t\t<h3 class=\"elementor-heading-title elementor-size-default\">Vuokralaiselle<\/h3>\t\t<\/div>\n\t\t\t\t<\/div>\n\t\t\t\t<div class=\"elementor-element elementor-element-0ad6fe6 elementor-widget elementor-widget-text-editor\" data-id=\"0ad6fe6\" data-element_type=\"widget\" data-widget_type=\"text-editor.default\">\n\t\t\t\t<div class=\"elementor-widget-container\">\n\t\t\t\t\t<div class=\"elementor-text-editor elementor-clearfix\"><p>Ilmoitamme kaikki kohteemme Oikotiell\u00e4, ja tarvittaessa saat lis\u00e4tietoja ottamalla meihin yhteytt\u00e4 s\u00e4hk\u00f6postilla tai puhelimitse.<\/p><\/div>\n\t\t\t\t<\/div>\n\t\t\t\t<\/div>\n\t\t\t\t<div class=\"elementor-element elementor-element-5979436 elementor-align-left elementor-mobile-align-center elementor-widget elementor-widget-button\" data-id=\"5979436\" data-element_type=\"widget\" data-widget_type=\"button.default\">\n\t\t\t\t<div class=\"elementor-widget-container\">\n\t\t\t\t\t<div class=\"elementor-button-wrapper\">\n\t\t\t<a href=\"http:\/\/www.fidem.fi\/index.php\/vuokralaiselle\" class=\"elementor-button-link elementor-button elementor-size-sm\" role=\"button\">\n\t\t\t\t\t\t<span class=\"elementor-button-content-wrapper\">\n\t\t\t\t\t\t<span class=\"elementor-button-text\">Lue lis\u00e4\u00e4<\/span>\n\t\t<\/span>\n\t\t\t\t\t<\/a>\n\t\t<\/div>\n\t\t\t\t<\/div>\n\t\t\t\t<\/div>\n\t\t\t\t\t\t<\/div>\n\t\t\t\t\t<\/div>\n\t\t<\/div>\n\t\t\t\t\t\t\t\t<\/div>\n\t\t\t\t\t<\/div>\n\t\t<\/section>\n\t\t\t\t<section class=\"elementor-section elementor-top-section elementor-element elementor-element-f0fdef4 elementor-section-content-middle elementor-reverse-mobile elementor-section-boxed elementor-section-height-default elementor-section-height-default\" data-id=\"f0fdef4\" data-element_type=\"section\" data-settings=\"{&quot;background_background&quot;:&quot;classic&quot;}\">\n\t\t\t\t\t\t<div class=\"elementor-container elementor-column-gap-default\">\n\t\t\t\t\t\t\t<div class=\"elementor-row\">\n\t\t\t\t\t<div class=\"elementor-column elementor-col-50 elementor-top-column elementor-element elementor-element-e07b120\" data-id=\"e07b120\" data-element_type=\"column\">\n\t\t\t<div class=\"elementor-column-wrap elementor-element-populated\">\n\t\t\t\t\t\t\t<div class=\"elementor-widget-wrap\">\n\t\t\t\t\t\t<div class=\"elementor-element elementor-element-98abf11 elementor-widget elementor-widget-heading\" data-id=\"98abf11\" data-element_type=\"widget\" data-widget_type=\"heading.default\">\n\t\t\t\t<div class=\"elementor-widget-container\">\n\t\t\t<h3 class=\"elementor-heading-title elementor-size-default\">Vuokranantajalle<\/h3>\t\t<\/div>\n\t\t\t\t<\/div>\n\t\t\t\t<div class=\"elementor-element elementor-element-ea16d92 elementor-widget elementor-widget-text-editor\" data-id=\"ea16d92\" data-element_type=\"widget\" data-widget_type=\"text-editor.default\">\n\t\t\t\t<div class=\"elementor-widget-container\">\n\t\t\t\t\t<div class=\"elementor-text-editor elementor-clearfix\"><p>Tunnemme p\u00e4\u00e4kaupunkiseudun vuokramarkkinat ja hintatason &#8211; tied\u00e4mme kuinka saat asunnostasi parhaan mahdollisen tuoton.<\/p><\/div>\n\t\t\t\t<\/div>\n\t\t\t\t<\/div>\n\t\t\t\t<div class=\"elementor-element elementor-element-58b05c5 elementor-align-left elementor-mobile-align-center elementor-widget elementor-widget-button\" data-id=\"58b05c5\" data-element_type=\"widget\" data-widget_type=\"button.default\">\n\t\t\t\t<div class=\"elementor-widget-container\">\n\t\t\t\t\t<div class=\"elementor-button-wrapper\">\n\t\t\t<a href=\"http:\/\/www.fidem.fi\/index.php\/vuokranantajalle\" class=\"elementor-button-link elementor-button elementor-size-sm\" role=\"button\">\n\t\t\t\t\t\t<span class=\"elementor-button-content-wrapper\">\n\t\t\t\t\t\t<span class=\"elementor-button-text\">Lue lis\u00e4\u00e4<\/span>\n\t\t<\/span>\n\t\t\t\t\t<\/a>\n\t\t<\/div>\n\t\t\t\t<\/div>\n\t\t\t\t<\/div>\n\t\t\t\t\t\t<\/div>\n\t\t\t\t\t<\/div>\n\t\t<\/div>\n\t\t\t\t<div class=\"elementor-column elementor-col-50 elementor-top-column elementor-element elementor-element-499951f\" data-id=\"499951f\" data-element_type=\"column\">\n\t\t\t<div class=\"elementor-column-wrap elementor-element-populated\">\n\t\t\t\t\t\t\t<div class=\"elementor-widget-wrap\">\n\t\t\t\t\t\t<div class=\"elementor-element elementor-element-6f93a6f elementor-widget elementor-widget-image\" data-id=\"6f93a6f\" data-element_type=\"widget\" data-widget_type=\"image.default\">\n\t\t\t\t<div class=\"elementor-widget-container\">\n\t\t\t\t\t<div class=\"elementor-image\">\n\t\t\t\t\t\t\t\t\t\t<img loading=\"lazy\" decoding=\"async\" width=\"1280\" height=\"853\" src=\"https:\/\/www.fidem.fi\/wp-content\/uploads\/2019\/07\/sopimus.jpg\" class=\"attachment-full size-full\" alt=\"\" srcset=\"https:\/\/www.fidem.fi\/wp-content\/uploads\/2019\/07\/sopimus.jpg 1280w, https:\/\/www.fidem.fi\/wp-content\/uploads\/2019\/07\/sopimus-300x200.jpg 300w, https:\/\/www.fidem.fi\/wp-content\/uploads\/2019\/07\/sopimus-768x512.jpg 768w, https:\/\/www.fidem.fi\/wp-content\/uploads\/2019\/07\/sopimus-1024x682.jpg 1024w\" sizes=\"auto, (max-width: 1280px) 100vw, 1280px\" \/>\t\t\t\t\t\t\t\t\t\t\t<\/div>\n\t\t\t\t<\/div>\n\t\t\t\t<\/div>\n\t\t\t\t\t\t<\/div>\n\t\t\t\t\t<\/div>\n\t\t<\/div>\n\t\t\t\t\t\t\t\t<\/div>\n\t\t\t\t\t<\/div>\n\t\t<\/section>\n\t\t\t\t<section class=\"elementor-section elementor-top-section elementor-element elementor-element-557c7e4 elementor-section-content-middle elementor-reverse-mobile elementor-section-boxed elementor-section-height-default elementor-section-height-default\" data-id=\"557c7e4\" data-element_type=\"section\" data-settings=\"{&quot;background_background&quot;:&quot;classic&quot;}\">\n\t\t\t\t\t\t<div class=\"elementor-container elementor-column-gap-default\">\n\t\t\t\t\t\t\t<div class=\"elementor-row\">\n\t\t\t\t\t<div class=\"elementor-column elementor-col-50 elementor-top-column elementor-element elementor-element-587059a\" data-id=\"587059a\" data-element_type=\"column\">\n\t\t\t<div class=\"elementor-column-wrap elementor-element-populated\">\n\t\t\t\t\t\t\t<div class=\"elementor-widget-wrap\">\n\t\t\t\t\t\t<div class=\"elementor-element elementor-element-0978e60 elementor-widget elementor-widget-image\" data-id=\"0978e60\" data-element_type=\"widget\" data-widget_type=\"image.default\">\n\t\t\t\t<div class=\"elementor-widget-container\">\n\t\t\t\t\t<div class=\"elementor-image\">\n\t\t\t\t\t\t\t\t\t\t<img loading=\"lazy\" decoding=\"async\" width=\"1280\" height=\"853\" src=\"https:\/\/www.fidem.fi\/wp-content\/uploads\/2019\/07\/avaimet.jpg\" class=\"attachment-full size-full\" alt=\"\" srcset=\"https:\/\/www.fidem.fi\/wp-content\/uploads\/2019\/07\/avaimet.jpg 1280w, https:\/\/www.fidem.fi\/wp-content\/uploads\/2019\/07\/avaimet-300x200.jpg 300w, https:\/\/www.fidem.fi\/wp-content\/uploads\/2019\/07\/avaimet-768x512.jpg 768w, https:\/\/www.fidem.fi\/wp-content\/uploads\/2019\/07\/avaimet-1024x682.jpg 1024w\" sizes=\"auto, (max-width: 1280px) 100vw, 1280px\" \/>\t\t\t\t\t\t\t\t\t\t\t<\/div>\n\t\t\t\t<\/div>\n\t\t\t\t<\/div>\n\t\t\t\t\t\t<\/div>\n\t\t\t\t\t<\/div>\n\t\t<\/div>\n\t\t\t\t<div class=\"elementor-column elementor-col-50 elementor-top-column elementor-element elementor-element-d19b210\" data-id=\"d19b210\" data-element_type=\"column\">\n\t\t\t<div class=\"elementor-column-wrap elementor-element-populated\">\n\t\t\t\t\t\t\t<div class=\"elementor-widget-wrap\">\n\t\t\t\t\t\t<div class=\"elementor-element elementor-element-4a51ad2 elementor-widget elementor-widget-heading\" data-id=\"4a51ad2\" data-element_type=\"widget\" data-widget_type=\"heading.default\">\n\t\t\t\t<div class=\"elementor-widget-container\">\n\t\t\t<h3 class=\"elementor-heading-title elementor-size-default\">English Summary<\/h3>\t\t<\/div>\n\t\t\t\t<\/div>\n\t\t\t\t<div class=\"elementor-element elementor-element-f40830d elementor-widget elementor-widget-text-editor\" data-id=\"f40830d\" data-element_type=\"widget\" data-widget_type=\"text-editor.default\">\n\t\t\t\t<div class=\"elementor-widget-container\">\n\t\t\t\t\t<div class=\"elementor-text-editor elementor-clearfix\"><p>Fidem is small and flexible rental agent focusing on apartment rentals in Helsinki and nearby area.<\/p><p>We serve you also in english \u2013 do not hesitate to contact us for further information.<\/p><\/div>\n\t\t\t\t<\/div>\n\t\t\t\t<\/div>\n\t\t\t\t<div class=\"elementor-element elementor-element-14e7c95 elementor-align-left elementor-mobile-align-center elementor-widget elementor-widget-button\" data-id=\"14e7c95\" data-element_type=\"widget\" data-widget_type=\"button.default\">\n\t\t\t\t<div class=\"elementor-widget-container\">\n\t\t\t\t\t<div class=\"elementor-button-wrapper\">\n\t\t\t<a href=\"http:\/\/www.fidem.fi\/index.php\/english-summary\" class=\"elementor-button-link elementor-button elementor-size-sm\" role=\"button\">\n\t\t\t\t\t\t<span class=\"elementor-button-content-wrapper\">\n\t\t\t\t\t\t<span class=\"elementor-button-text\">Read more<\/span>\n\t\t<\/span>\n\t\t\t\t\t<\/a>\n\t\t<\/div>\n\t\t\t\t<\/div>\n\t\t\t\t<\/div>\n\t\t\t\t\t\t<\/div>\n\t\t\t\t\t<\/div>\n\t\t<\/div>\n\t\t\t\t\t\t\t\t<\/div>\n\t\t\t\t\t<\/div>\n\t\t<\/section>\n\t\t\t\t\t\t<\/div>\n\t\t\t\t\t\t<\/div>\n\t\t\t\t\t<\/div>\n\t\t","protected":false},"excerpt":{"rendered":"<p>FIDEM OY OTA YHTEYTT\u00c4 Vuokrav\u00e4lityst\u00e4 P\u00e4\u00e4kaupunkiseudulla Fidem Oy (LKV) on yksityinen vuokra-asuntojen v\u00e4litykseen erikoistunut toimisto. Tunnemme p\u00e4\u00e4kaupunkiseudun markkinan, ja pienen\u00e4 toimijana palvelemme sek\u00e4 asunnon omistajaa ett\u00e4 kodinetsij\u00e4\u00e4 yksil\u00f6llisesti ja joustavasti. Ilmoitamme kaikki kohteemme Oikotiell\u00e4, ja tarvittaessa saat lis\u00e4tietoja ottamalla meihin yhteytt\u00e4 s\u00e4hk\u00f6postilla. Tutustu kohteisiin Oikotiell\u00e4 Vuokralaiselle Ilmoitamme kaikki kohteemme Oikotiell\u00e4, ja tarvittaessa saat lis\u00e4tietoja ottamalla [&hellip;]<\/p>\n","protected":false},"author":1,"featured_media":0,"parent":0,"menu_order":0,"comment_status":"closed","ping_status":"closed","template":"","meta":{"footnotes":""},"class_list":["post-17","page","type-page","status-publish","hentry","entry"],"yoast_head":"<!-- This site is optimized with the Yoast SEO plugin v15.3 - https:\/\/yoast.com\/wordpress\/plugins\/seo\/ -->\n<title>Etusivu - Fidem Oy<\/title>\n<meta name=\"robots\" content=\"index, follow, max-snippet:-1, max-image-preview:large, max-video-preview:-1\" \/>\n<link rel=\"canonical\" href=\"https:\/\/www.fidem.fi\/\" \/>\n<meta property=\"og:locale\" content=\"en_US\" \/>\n<meta property=\"og:type\" content=\"article\" \/>\n<meta property=\"og:title\" content=\"Etusivu - Fidem Oy\" \/>\n<meta property=\"og:description\" content=\"FIDEM OY OTA YHTEYTT\u00c4 Vuokrav\u00e4lityst\u00e4 P\u00e4\u00e4kaupunkiseudulla Fidem Oy (LKV) on yksityinen vuokra-asuntojen v\u00e4litykseen erikoistunut toimisto. Tunnemme p\u00e4\u00e4kaupunkiseudun markkinan, ja pienen\u00e4 toimijana palvelemme sek\u00e4 asunnon omistajaa ett\u00e4 kodinetsij\u00e4\u00e4 yksil\u00f6llisesti ja joustavasti. Ilmoitamme kaikki kohteemme Oikotiell\u00e4, ja tarvittaessa saat lis\u00e4tietoja ottamalla meihin yhteytt\u00e4 s\u00e4hk\u00f6postilla. Tutustu kohteisiin Oikotiell\u00e4 Vuokralaiselle Ilmoitamme kaikki kohteemme Oikotiell\u00e4, ja tarvittaessa saat lis\u00e4tietoja ottamalla [&hellip;]\" \/>\n<meta property=\"og:url\" content=\"https:\/\/www.fidem.fi\/\" \/>\n<meta property=\"og:site_name\" content=\"Fidem Oy\" \/>\n<meta property=\"article:modified_time\" content=\"2024-12-27T12:58:12+00:00\" \/>\n<meta property=\"og:image\" content=\"http:\/\/www.fidem.fi\/wp-content\/uploads\/2019\/07\/avaimet.jpg\" \/>\n<meta name=\"twitter:card\" content=\"summary_large_image\" \/>\n<meta name=\"twitter:label1\" content=\"Written by\">\n\t<meta name=\"twitter:data1\" content=\"admin9090\">\n\t<meta name=\"twitter:label2\" content=\"Est. reading time\">\n\t<meta name=\"twitter:data2\" content=\"1 minute\">\n<script type=\"application\/ld+json\" class=\"yoast-schema-graph\">{\"@context\":\"https:\/\/schema.org\",\"@graph\":[{\"@type\":\"WebSite\",\"@id\":\"https:\/\/www.fidem.fi\/#website\",\"url\":\"https:\/\/www.fidem.fi\/\",\"name\":\"Fidem Oy\",\"description\":\"Vuokrav\\u00e4lityst\\u00e4 ammattitaidolla!\",\"potentialAction\":[{\"@type\":\"SearchAction\",\"target\":\"https:\/\/www.fidem.fi\/?s={search_term_string}\",\"query-input\":\"required name=search_term_string\"}],\"inLanguage\":\"en-US\"},{\"@type\":\"ImageObject\",\"@id\":\"https:\/\/www.fidem.fi\/#primaryimage\",\"inLanguage\":\"en-US\",\"url\":\"http:\/\/www.fidem.fi\/wp-content\/uploads\/2019\/07\/avaimet.jpg\"},{\"@type\":\"WebPage\",\"@id\":\"https:\/\/www.fidem.fi\/#webpage\",\"url\":\"https:\/\/www.fidem.fi\/\",\"name\":\"Etusivu - Fidem Oy\",\"isPartOf\":{\"@id\":\"https:\/\/www.fidem.fi\/#website\"},\"primaryImageOfPage\":{\"@id\":\"https:\/\/www.fidem.fi\/#primaryimage\"},\"datePublished\":\"2019-07-06T14:40:24+00:00\",\"dateModified\":\"2024-12-27T12:58:12+00:00\",\"inLanguage\":\"en-US\",\"potentialAction\":[{\"@type\":\"ReadAction\",\"target\":[\"https:\/\/www.fidem.fi\/\"]}]}]}<\/script>\n<!-- \/ Yoast SEO plugin. -->","_links":{"self":[{"href":"https:\/\/www.fidem.fi\/index.php\/wp-json\/wp\/v2\/pages\/17","targetHints":{"allow":["GET"]}}],"collection":[{"href":"https:\/\/www.fidem.fi\/index.php\/wp-json\/wp\/v2\/pages"}],"about":[{"href":"https:\/\/www.fidem.fi\/index.php\/wp-json\/wp\/v2\/types\/page"}],"author":[{"embeddable":true,"href":"https:\/\/www.fidem.fi\/index.php\/wp-json\/wp\/v2\/users\/1"}],"replies":[{"embeddable":true,"href":"https:\/\/www.fidem.fi\/index.php\/wp-json\/wp\/v2\/comments?post=17"}],"version-history":[{"count":118,"href":"https:\/\/www.fidem.fi\/index.php\/wp-json\/wp\/v2\/pages\/17\/revisions"}],"predecessor-version":[{"id":376,"href":"https:\/\/www.fidem.fi\/index.php\/wp-json\/wp\/v2\/pages\/17\/revisions\/376"}],"wp:attachment":[{"href":"https:\/\/www.fidem.fi\/index.php\/wp-json\/wp\/v2\/media?parent=17"}],"curies":[{"name":"wp","href":"https:\/\/api.w.org\/{rel}","templated":true}]}}